{"id":796,"date":"2015-05-26T19:41:22","date_gmt":"2015-05-26T19:41:22","guid":{"rendered":"http:\/\/fwrinternational.com\/?page_id=796"},"modified":"2016-07-11T17:14:59","modified_gmt":"2016-07-11T17:14:59","slug":"porque-invertir-en-miami","status":"publish","type":"page","link":"https:\/\/fwrinternational.com\/es\/porque-invertir-en-miami\/","title":{"rendered":"Porque Miami"},"content":{"rendered":"<p>&nbsp;<\/p>\n<h1 style=\"text-align: justify;\">\u00bfPor Qu\u00e9 Miami?<\/h1>\n<p><img loading=\"lazy\" decoding=\"async\" class=\"aligncenter size-large wp-image-1460\" src=\"http:\/\/fwrinternational.com\/wp-content\/uploads\/2016\/05\/347554355-1024x405.jpg\" alt=\"347554355\" width=\"1024\" height=\"405\" srcset=\"https:\/\/fwrinternational.com\/wp-content\/uploads\/2016\/05\/347554355-1024x405.jpg 1024w, https:\/\/fwrinternational.com\/wp-content\/uploads\/2016\/05\/347554355-300x119.jpg 300w, https:\/\/fwrinternational.com\/wp-content\/uploads\/2016\/05\/347554355-768x304.jpg 768w, https:\/\/fwrinternational.com\/wp-content\/uploads\/2016\/05\/347554355-770x305.jpg 770w, https:\/\/fwrinternational.com\/wp-content\/uploads\/2016\/05\/347554355-1080x427.jpg 1080w, https:\/\/fwrinternational.com\/wp-content\/uploads\/2016\/05\/347554355.jpg 1516w\" sizes=\"auto, (max-width: 1024px) 100vw, 1024px\" \/><\/p>\n<p style=\"text-align: justify;\">Miami es \u00fanico con una mezcla de culturas y econom\u00edas junto a un clima tropical todo el a\u00f1o. Recientemente, la ciudad se ha convertido en una base para la riqueza internacional con un inter\u00e9s especial en el sector inmobiliario. La elecci\u00f3n de invertir en bienes ra\u00edces es una de las decisiones m\u00e1s importantes que usted har\u00e1 en su vida, que afectar\u00e1n a su familia, plan de retiro, y su estilo de vida.<\/p>\n<p style=\"text-align: justify;\">Recientemente conocido como &#8220;Wall Street del Sur&#8221; por <em>Business Insider, <\/em>, la ciudad es el segundo mayor centro econ\u00f3mico del pa\u00eds despu\u00e9s de la ciudad de Nueva York. Miami, con sus muchas caracter\u00edsticas favorables, es la mejor ciudad de Am\u00e9rica para invertir en bienes ra\u00edces. La ciudad est\u00e1 experimentando el crecimiento econ\u00f3mico, es un lugar de reuni\u00f3n de las instituciones educativas de alto rango.<\/p>\n<div id=\"economy\"><\/div>\n<p>&nbsp;<\/p>\n<h1 style=\"text-align: justify;\">Economia<\/h1>\n<p><img loading=\"lazy\" decoding=\"async\" class=\"aligncenter size-large wp-image-1462\" src=\"http:\/\/fwrinternational.com\/wp-content\/uploads\/2016\/05\/40915510-1024x683.jpg\" alt=\"40915510\" width=\"1024\" height=\"683\" srcset=\"https:\/\/fwrinternational.com\/wp-content\/uploads\/2016\/05\/40915510-1024x683.jpg 1024w, https:\/\/fwrinternational.com\/wp-content\/uploads\/2016\/05\/40915510-300x200.jpg 300w, https:\/\/fwrinternational.com\/wp-content\/uploads\/2016\/05\/40915510-768x512.jpg 768w, https:\/\/fwrinternational.com\/wp-content\/uploads\/2016\/05\/40915510-770x513.jpg 770w, https:\/\/fwrinternational.com\/wp-content\/uploads\/2016\/05\/40915510-1080x720.jpg 1080w, https:\/\/fwrinternational.com\/wp-content\/uploads\/2016\/05\/40915510.jpg 1200w\" sizes=\"auto, (max-width: 1024px) 100vw, 1024px\" \/><\/p>\n<p style=\"text-align: justify;\">La econom\u00eda mundial se ha aprovechado de la comunidad internacional de Miami, que se desarrolla para ser el segundo <a href=\"http:\/\/www.businessinsider.com\/miami-is-the-new-manhattan-2014-2\"> centro financiero <\/a> mas popular. La ciudad est\u00e1 atrayendo el comercio, ya que es uno de los siete estados que no tienen un impuesto Estatal.<\/p>\n<p style=\"text-align: justify;\">Los expertos de First Way Realty Services son optimistas acerca de las oportunidades econ\u00f3micas de Miami de bienes ra\u00edces, que ofrece a nuestros clientes un <a href=\" http:\/\/fwrinternational.com\/es\/servicios\/\">servicio profesional<\/a> en muchas industrias (es decir, abogados, contadores y banqueros).<\/p>\n<p style=\"text-align: justify;\">En los \u00faltimos a\u00f1os, los titanes financieros del <a href=\"https:\/\/www.tax.ny.gov\/pit\/file\/tax_tables.htm#it-201\">estado de Nueva York<\/a> tales como Lloyd Blankfein y Mark Spitznagel se han trasladado a la ciudad debido a &#8220;las pol\u00edticas comerciales que facilita a los negocios en la Florida.&#8221; Rangos de impuestos del estado de Nueva York desde 48.82% y rangos de impuestos estatales de <a href=\"http:\/\/www.boe.ca.gov\/cgi-bin\/rates.cgi\">California<\/a> de 7.51 %.<\/p>\n<p style=\"text-align: justify;\">Como un inversor extranjero, Miami puede ofrecer oportunidades que otras ciudades no pueden competir. Otro indicador econ\u00f3mico estable es el <a href=\"http:\/\/www.miamidade.gov\/portmiami\/\">puerto de Miami<\/a>.<br \/>\nEs el puerto de cruceros m\u00e1s transitado del mundo. En 2015, el puerto acogi\u00f3 4,9 millones de turistas. Recientemente termin\u00f3 su proyecto de dragado profundo que profundiz\u00f3 el canal principal del puerto desde 42 pies para 50\/52 pies. El puerto de Miami es ahora el \u00fanico gran centro de log\u00edstica global al sur de Virginia capaz de manejar buques post Panam\u00e1.<\/p>\n<div id=\"architecture\"><\/div>\n<p>&nbsp;<\/p>\n<h1 style=\"text-align: justify;\">Arquitectura \u00danica<\/h1>\n<p style=\"text-align: justify;\"><img loading=\"lazy\" decoding=\"async\" class=\"aligncenter size-large wp-image-1459\" src=\"http:\/\/fwrinternational.com\/wp-content\/uploads\/2016\/05\/150298607-1024x650.jpg\" alt=\"150298607\" width=\"1024\" height=\"650\" srcset=\"https:\/\/fwrinternational.com\/wp-content\/uploads\/2016\/05\/150298607-1024x650.jpg 1024w, https:\/\/fwrinternational.com\/wp-content\/uploads\/2016\/05\/150298607-300x190.jpg 300w, https:\/\/fwrinternational.com\/wp-content\/uploads\/2016\/05\/150298607-768x488.jpg 768w, https:\/\/fwrinternational.com\/wp-content\/uploads\/2016\/05\/150298607-770x489.jpg 770w, https:\/\/fwrinternational.com\/wp-content\/uploads\/2016\/05\/150298607-1080x686.jpg 1080w, https:\/\/fwrinternational.com\/wp-content\/uploads\/2016\/05\/150298607.jpg 1260w\" sizes=\"auto, (max-width: 1024px) 100vw, 1024px\" \/><\/p>\n<p style=\"text-align: justify;\">Nuestra empresa FVR Internacional, est\u00e1 enfocada exclusivamente atender algunas preferencias como son los principios del Feng Shui, y lograr que usted obtenga la residencia de sus sue\u00f1os, Ocean front. El horizonte de Miami consiste en la mayor colecci\u00f3n de edificios Art Deco y cuenta con desarrollos de lujo de arquitectos reconocidos en el mundo. Los servicios en el mercado inmobiliario de Miami tienden a captar el aire del oc\u00e9ano y de la luz natural con grandes plantas di\u00e1fanas.<\/p>\n<p style=\"text-align: justify;\">Rem Koolhaas es el dise\u00f1o de un nuevo proyecto en el pr\u00f3ximo Distrito Faena en mid-beach. Frank Gehry est\u00e1 llamado a transformar el complejo de Bacard\u00ed en Biscayne Boulevard en un campus de la Fundaci\u00f3n Nacional YOUNG ARTS.<br \/>\nAl otro lado de la calle desde el Museo de Arte P\u00e9rez (en el centro de Miami), se encuentra un desarrollo futurista de Zaha Hadid. Carlos Ott tambi\u00e9n construy\u00f3 una torre residencial siendo una de las m\u00e1s codiciadas en Brickell llamado Echo.<\/p>\n<p style=\"text-align: justify;\">Todos los proyectos mencionados anteriormente est\u00e1n en buen excelente estado cambiando as\u00ed la imagen y paseos de Miami. Brickell City Centre, construida por China City Construction Group es un proyecto comercial y de uso mixto que se extiende por 4 bloques. Miami World Center es un proyecto de 30 acres con m\u00e1s de $ 3 mil millones en nuevos proyectos, incluyendo el transporte p\u00fablico. SkyRise Miami es una Torre que goza de un alto prestigio,<br \/>\nConstruida en el Centro de Miami, dentro de sus caracter\u00edsticas principales esta que contara con su propio parque de atracciones.<\/p>\n<div id=\"tourism\"><\/div>\n<p><a id=\"tourism\"><\/a><\/p>\n<h1 style=\"text-align: justify;\">Turismo<\/h1>\n<p><img loading=\"lazy\" decoding=\"async\" class=\"aligncenter size-large wp-image-1465\" src=\"http:\/\/fwrinternational.com\/wp-content\/uploads\/2016\/05\/65084332-1024x683.jpg\" alt=\"65084332\" width=\"1024\" height=\"683\" srcset=\"https:\/\/fwrinternational.com\/wp-content\/uploads\/2016\/05\/65084332-1024x683.jpg 1024w, https:\/\/fwrinternational.com\/wp-content\/uploads\/2016\/05\/65084332-300x200.jpg 300w, https:\/\/fwrinternational.com\/wp-content\/uploads\/2016\/05\/65084332-768x512.jpg 768w, https:\/\/fwrinternational.com\/wp-content\/uploads\/2016\/05\/65084332-770x514.jpg 770w, https:\/\/fwrinternational.com\/wp-content\/uploads\/2016\/05\/65084332-1080x721.jpg 1080w, https:\/\/fwrinternational.com\/wp-content\/uploads\/2016\/05\/65084332.jpg 1280w\" sizes=\"auto, (max-width: 1024px) 100vw, 1024px\" \/><\/p>\n<p style=\"text-align: justify;\">Miami es un destino tur\u00edstico conocido por su encanto internacional, playas de aguas cristalinas, y su centro comercial de clase mundial. El tiempo tropical mantiene la temperatura c\u00e1lida durante todo el a\u00f1o y tiene una ca\u00edda de nieve anual de cero pulgadas! La ciudad costera est\u00e1 llena de suaves playas de arena blanca y cuenta con una gran comunidad de navegaci\u00f3n.<\/p>\n<p style=\"text-align: justify;\">Los residentes de Miami son muy diversos, con influencias de Am\u00e9rica del Sur, Europa y Asia. Esta diversidad refleja la calidad de los aut\u00e9nticos restaurantes internacionales. Algunos de los m\u00e1s codiciados de estos restaurantes se pueden encontrar en Miami Beach, Coral Gables, Brickell, Coconut Grove.<\/p>\n<p style=\"text-align: justify;\">Ir de compras es otra raz\u00f3n para que la gente viaje a Miami. Los centros comerciales m\u00e1s importantes de Miami son Aventura Mall, las tiendas de Bal Harbour, International, Mall, Dolphin Mall, Sawgrass Mills Mall y Dadeland Mall. Comerciales como Bal Harbour, con las tiendas de moda m\u00e1s prestigiosas y fascinantes,<br \/>\nen un centro comercial al aire libre, otros Centros Comerciales (Malls), como Dadeland con caracter\u00edsticas de tienda por Departamento y tiendas al detalle, hacen que la vida en Miami sea placentera y m\u00e1gica<\/p>\n<div id=\"lifestyle\"><\/div>\n<p>&nbsp;<\/p>\n<h1 style=\"text-align: justify;\">Estilo de Vida<\/h1>\n<p><img loading=\"lazy\" decoding=\"async\" class=\"aligncenter size-large wp-image-1464\" src=\"http:\/\/fwrinternational.com\/wp-content\/uploads\/2016\/05\/284534459-1024x654.jpg\" alt=\"284534459\" width=\"1024\" height=\"654\" srcset=\"https:\/\/fwrinternational.com\/wp-content\/uploads\/2016\/05\/284534459-1024x654.jpg 1024w, https:\/\/fwrinternational.com\/wp-content\/uploads\/2016\/05\/284534459-300x192.jpg 300w, https:\/\/fwrinternational.com\/wp-content\/uploads\/2016\/05\/284534459-768x491.jpg 768w, https:\/\/fwrinternational.com\/wp-content\/uploads\/2016\/05\/284534459.jpg 1041w, https:\/\/fwrinternational.com\/wp-content\/uploads\/2016\/05\/284534459-770x492.jpg 770w\" sizes=\"auto, (max-width: 1024px) 100vw, 1024px\" \/><\/p>\n<p style=\"text-align: justify;\">Porque a las familias les gusta mudarse a Miami?<br \/>\nPor su estilo de vida, Miami comienza con el acceso a las mejores instituciones de educaci\u00f3n, gozando de una estable y fruct\u00edfera econom\u00eda, con abundante vida nocturna, y escenarios culturales, adem\u00e1s de un delicioso verano los 365 d\u00edas del a\u00f1o.<br \/>\nLa comunidad China est\u00e1 <a href=\"http:\/\/www.miamitodaynews.com\/2015\/03\/04\/chinese-home-investment-miami-grows\/\">creciendo<\/a> en Miami, por ello la comunidad Internacional le est\u00e1 dando la mejor de las bienvenidas.<\/p>\n<p style=\"text-align: justify;\">Si usted est\u00e1 buscando un apartamento en el Mercado de bienes Ra\u00edces usted puede buscar en las a\u00e9reas de Pincrest\/Coral Gables\/Coconut Grove, estas a\u00e9reas est\u00e1n adornadas con hermosas plantas d\u00e1ndole un hermoso ambiente tropical, est\u00e1n localizadas cerca de la <a href=\"http:\/\/miami.edu\">Universidad de Miami.<\/a> (Esta categorizado como uno de los lugares m\u00e1s importantes en nuestro pa\u00eds).<\/p>\n<p>FWR International aduce que las inversiones pueden ayudarle a obtener el status de su residencia, nosotros somos <a href=\"http:\/\/fwrinternational.com\/es\/servicios\/\">profesionales<\/a> y le podemos ayudar a explorar estas oportunidades. Si usted prefiere comprar en el a\u00e9reas peatonales o metropolitanas, usted puede buscar en Dowton Miami y Brickell.<\/p>\n<p style=\"text-align: justify;\">Como una ciudad Costera, Miami, Promueve positivamente el estilo de vida, anima los deportes acu\u00e1ticos, como una ciudad Costera, Si usted compra su casa frente al mar podr\u00e1 tener el Lujo de tener una salida al mar para su bote Kayak, o jet Ski, justo detr\u00e1s de su casa. Si usted compra una propiedad que no est\u00e9 frente al mar usted aun tendr\u00e1 la accesibilidad de la cercan\u00eda del mar y puede guardar su bote cerca de las a\u00e9reas marinas.<\/p>\n<h1 style=\"text-align: justify;\">Educacion<\/h1>\n<p><img loading=\"lazy\" decoding=\"async\" class=\"aligncenter size-large wp-image-1464\" src=\"http:\/\/fwrinternational.com\/wp-content\/uploads\/2016\/07\/education-FWR.jpg\" alt=\"284534459\" width=\"1024\" height=\"682\" \/><\/p>\n<h2>LAS MEJORES ESCUELAS PRIVADAS Y UNIVERSIDADES EN MIAMI<\/h2>\n<p style=\"text-align: justify;\">La educaci\u00f3n es otra muy importante raz\u00f3n para invertir in Miami, podr\u00e1n darles a sus hijos y a su familia la comodidad que ellos merecen cuando deciden venir a estudiar a Miami. Encontraran excelentes escuelas privadas y universidades, con curriculum de excelencia acad\u00e9mica, multicultural y de ense\u00f1anza biling\u00fce. La educaci\u00f3n en Miami est\u00e1 al alcance de sus posibilidades econ\u00f3micas.<br \/>\nMiami  es la ciudad que ofrece muchos beneficios a los estudiantes internacionales con un enfoque de alcance y proyecci\u00f3n mundial.<br \/>\nEntre las m\u00e1s prestigioso escuelas privadas de High School tenemos las siguientes:<\/p>\n<h3>LAS MEJORES ESCUELAS DE HIGH SCHOOL PRIVADAS<\/h3>\n<p><b>RAMSOM EVERGLADES SCHOOL<\/b><br \/>\nCatalogada como una de las mejores escuelas Privadas de los  Estados Unidos, Ransom Everglades en Miami ofrece un curriculum de excelencia acad\u00e9mica y deportiva. Ransom Everglades tambi\u00e9n es muy estricta comparada con otras escuelas de su categor\u00eda. Tiene un porcentaje muy alto de admisi\u00f3n a las universidades pertenecientes al \u201cIvy League\u201d este t\u00e9rmino es sin\u00f3nimo de excelencia acad\u00e9mica. Las universidades pertenecientes son las Harvard, Yale, Cornell, Columbia, Princeton, University of Pennsylvania, Brown University y Dartmouth College.<br \/>\nRansom Everglades Miami  \u2013 Direcci\u00f3n: 3575 Main Hwy, Coconut Grove, FL 33133<br \/>\nPara m\u00e1s informaci\u00f3n ir <a href=\"http:\/\/www.ransomeverglades.org\" target=\"_blank\">http:\/\/www.ransomeverglades.org<\/a> <\/p>\n<p><b>PALMER TRINITY HIGH SCHOOL<\/b><br \/>\nEs conocidad por su diversidad de nacionalidades de sus estudiantes y por los 50 acres de terreno que poseen las instalaciones.<br \/>\nPalmer Trinity los estudiantes tiene acceso a su laboratorio \u201cCoral Lab\u201d  que ayuda a guiarlos en una disciplina orientada a la investigaci\u00f3n de la bilog\u00eda marina y todo lo relacionado con el medio ambiente, por lo cual muchos estudiantes se inclinan por carreras universitarias de ciencias marinas, biolog\u00eda y ecolog\u00eda entere otros.<br \/>\n Palmer TrinityPalmetto Bay FL \u2013 Direccion 7900 Sw 176th St, Palmetto Bay, FL 33157<br \/>\nPara m\u00e1s informaci\u00f3n ir <a href=\"http:\/\/www.palmertrinity.org\" target=\"_blank\">http:\/\/www.palmertrinity.org<\/a><\/p>\n<p><b>GULLIVER PREPARATORY SCHOOL<\/b><br \/>\nOfrece programas de preparaci\u00f3n y de Bachillerato Internacional los cuales comienzan en la escuela primaria as\u00ed como programas de estudios avanzados (advanced placement). En las escuelas Gulliver, ofrecen el programa IB International Baccalaureate (v\u00e9ase su pagina International Baccalaureate) El Bachillerato Internacional. Este programa entre sus muchos enfoques esta formar j\u00f3venes con metas, solidarios, deseosos de conocer  y aprender como contribuir en crear un mundo mejor en el marco del entendimiento mutuo. Educaci\u00f3n f\u00edsica, educaci\u00f3n de la salud y artes esc\u00e9nicas.<br \/>\nGulliver Preparatory School (4 localizaciones)<br \/>\n&#8211; 8000 Miller Dr, Miami, FL 33155<br \/>\n&#8211; 6575 North Kendall Drive, Pinecrest, Florida 33156<br \/>\n&#8211; 12595 Red Road Coral Gables, Florida 33156<br \/>\n&#8211; 7500 SW 120 Street Pinecrest, Florida 33156<br \/>\nPara m\u00e1s informaci\u00f3n <a href=\"http:\/\/www.gulliverschools.org\" target=\"_blank\">www.gulliverschools.org<\/a><\/p>\n<p><b>MIAMI COUNTRY DAY<\/b><br \/>\nUna de las ventajas de esta es una escuela es que sus hijos pueden estudiar desde pre k\u00ednder hasta que terminen el high School, en un ambiente.<br \/>\nSus hijos se desenvuelven en un ambiente de respecto, crecimiento intelectual, espiritual, Deportivo, creando en los estudiantes personas con excelentes valores.<br \/>\nMiami Country Day Direccion 601 NE 107th Street, Miami, FL 33161<br \/>\nPara m\u00e1s informaci\u00f3n ir <a href=\"http:\/\/www.miamicountryday.org\" target=\"_blank\">http:\/\/www.miamicountryday.org<\/a><\/p>\n<p><b>Otras excelentes escuelas privadas en Miami son:<\/b><br \/>\nCarrollton School of the Sacred Heart \u2013 3747 Main Hwy, Miami, FL 33133 \u2013 (305) 446-5673<br \/>\nInmaculada La Salle High School \u2013 3601 S Miami Ave, Miami, FL 33129 \u2013 (305) 854-2334<br \/>\nBelen Jesuit Preparatory School  \u2013 500 SW 127th Ave, Miami, FL 33184 \u2013 (305) 223-8600<br \/>\nWestminster Christian School \u2013 6855 SW 152nd St, Palmetto Bay, FL 33157 \u2013 (305) 233-2030<br \/>\nChristopher Columbus \u2013 3000 SW 87th Ave., Miami, FL 33165 \u2013 (305) 223-5650<br \/>\nOur Lady of Lourdes Academy \u2013 5525 SW 84th St, Miami, FL 33143 \u2013 (305) 667-1623<\/p>\n<p><b>LAS MEJORES UNIVERSIDADES<\/b><br \/>\n<b>University of Miami. \u201cUM\u201d<\/b><br \/>\nLocalizada en la ciudad de Coral Gables, fundada en 1925, esta universidad es la &#8220;tradicional&#8221; de Miami. Ofrece las facultades de medicina, leyes, comunicaciones, arquitectura, artes y ciencias, administraci\u00f3n de empresas, ingenier\u00eda y educaci\u00f3n. Tiene varios campus:<br \/>\n-Campus m\u00e9dico ubicado Downtown Miami,<br \/>\n-Rosenstiel School of Marine and Atmospheric Science en Virginia Key,<br \/>\n-John J. Koubek Center en la peque\u00f1a Habana,<br \/>\n-James L. Knight Center in Downtown Miami,<br \/>\n-South and Richmond Campus en southwest Miami-Dade County.<br \/>\nLa direcci\u00f3n es: University of Miami, Coral Gables, Florida 33124.<br \/>\nPara m\u00e1s informaci\u00f3n ir <a href=\"http:\/\/welcome.miami.edu\" target=\"_blank\">http:\/\/welcome.miami.edu<\/a><\/p>\n<p><b>Florida International University<\/b><br \/>\nLa Universidad Internacional de la Florida, o FIU como com\u00fanmente se la conoce. Fue fundada en 1965 y abri\u00f3 sus puertas en 1972.Esta clasificada como una universidad de investigaci\u00f3n con la actividad en la Fundaci\u00f3n Carnegie  Adem\u00e1s est\u00e1 clasificada como un centro de investigaci\u00f3n de primera por la fundaci\u00f3n Carnegie y la legislatura de la Florida. Es la universidad m\u00e1s joven del pa\u00eds que tiene un Phi Beta Kappa.<\/p>\n<p>Universidad Internacional de Florida  dispone de 191 programas de estudio en 23 colegios y escuelas. FIU ofrece muchos programas de postgrado, incluyendo la arquitectura, administraci\u00f3n de empresas, ingenier\u00eda, derecho y medicina, que ofrece 82 grados de m\u00e1ster, La FIU es el 15 universidad m\u00e1s grande en los Estados Unidos, el 4 universidad m\u00e1s grande en la Florida, y el m\u00e1s grande en el sur de la Florida.<br \/>\nEsta universidad cuenta con varios campus:<br \/>\n-Modesto Maidique Campus &#8211; Main Campus<br \/>\n-Biscayne Bay Campus<br \/>\n-FIU at I-75<br \/>\n-Engineering Center<br \/>\n-Downtown on Brickell<br \/>\nPara m\u00e1s informaci\u00f3n ir <a href=\"http:\/\/fiu.edu\" taget=\"_blank\">http:\/\/www.fiu.edu<\/a><\/p>\n<p><b>NOVA UNIVERSITY<\/b><br \/>\nNova es una universidad privada del condado Broward. Localizada en Davie, condado vecino a Miami-Dade. Fundada en<br \/>\nEntre otros ofrece estudios de derecho, oceanograf\u00eda, psicolog\u00eda, empresariales, educaci\u00f3n y ciencias de computaci\u00f3n, farmacia, optometr\u00eda, colegio de odontolog\u00eda.<br \/>\nLa direcci\u00f3n es 3301 College Ave, Fort Lauderdale, Florida 33314-7796.<br \/>\nPara m\u00e1s informaci\u00f3n ir <a href=\"http:\/\/www.nova.edu\" target=\"_blank\">http:\/\/www.nova.edu<\/a><\/p>\n<p><b>MIAMI DADE COLLEGE<\/b><br \/>\nEn realidad este es un college de dos a\u00f1os. Fundado en 1959 bajo el nombre de Dade County Junor College ofrece educaci\u00f3n p\u00fablica y cuenta con nine campus en toda el \u00e1rea de Miami-Dade. Es el college m\u00e1s grande de toda la naci\u00f3n con m\u00e1s de 160,000 estudiantes, procedentes de todas partes del mundo.<br \/>\nOfrece muchos programas como administraci\u00f3n, ingenier\u00eda, artes, historia, educaci\u00f3n y otras muchas. Este college es l\u00edder en crecimiento cultural en Miami y est\u00e1 reconocido por su excelencia. Entre las ferias que organiza, esta la Feria Internacional del Libro de Miami y el Festival de Cine Internacional. De este college se obtiene un grado de Asociado, Vocacional o con un Bachillerato Este college tiene incluso un programa de High School donde los ni\u00f1os que son admitidos pueden asistir en su &#8220;junior y senior years&#8221; (11 y 12 grado) a clases universitarias y as\u00ed obtiene su bachillerato y  pueden obtener tambi\u00e9n dos a\u00f1os de college. Cuenta con los siguientes campos:<\/p>\n<p>-Kendall Campus  11011 SW 104 Street Miami, FL 33176-3393<br \/>\n-HIALEAH CAMPUS &#8211;   1780 W 49th Street Hialeah, Florida 33012<br \/>\n-Homestead Campus &#8211;   500 College Terrace Homestead, Florida 33030<br \/>\n-InterAmerican Campus &#8211;   627 SW 27th Ave. Miami, FL 33135<br \/>\n-Medical Campus &#8211;   950 NW 20th St. Miami, FL 33127<br \/>\n-North Campus &#8211;   11380 NW 27th Ave. Miami, FL 33167-3495<br \/>\n-Entrepreneurial Education Center  &#8211;  6300 NW Seventh Ave. Miami, FL 33150<br \/>\n-West Campus &#8211;   3800 NW 115th Ave. Doral, FL 33178<br \/>\n-Wolfson Campus &#8211;   300 NE Second Ave. Miami, FL 33132<\/p>\n<p><a href=\"http:\/\/mdc.edu\" target=\"_blank\">www.mdc.edu<\/a><\/p>\n<p><b>OTRAS UNIVERSIDADES EN MIAMI<\/b><\/p>\n<p>-Barry University &#8211; <a href=\"http:\/\/www.barry.edu\" target=\"_blank\">www.barry.edu<\/a> &#8211; 11300 NE 2nd Ave, Miami, FL 33161<br \/>\n-Santo Thomas University &#8211; <a href=\"http:\/\/www.stu.edu\" target=\"_blank\">www.stu.edu<\/a> &#8211; 2650 SW 27th Ave, Miami, FL 33133<br \/>\n-Universidad Carlos Albizu &#8211; <a href=\"http:\/\/www.stu.edu\" target=\"_blank\">www.albizu.edu<\/a> &#8211; 2173 NW 99th Ave, Doral, FL 33172<br \/>\n-Johnson and Wales: &#8211; <a href=\"http:\/\/www1.jwu.edu\" target=\"_blank\">http:\/\/www1.jwu.edu<\/a> &#8211; 1701 NE 127th St, North Miami, FL 33181<\/p>\n","protected":false},"excerpt":{"rendered":"<p>&nbsp; \u00bfPor Qu\u00e9 Miami? Miami es \u00fanico con una mezcla de culturas y econom\u00edas junto a un clima tropical todo el a\u00f1o. Recientemente, la ciudad se ha convertido en una &#8230;<\/p>\n","protected":false},"author":1,"featured_media":0,"parent":0,"menu_order":0,"comment_status":"closed","ping_status":"closed","template":"","meta":{"footnotes":""},"class_list":["post-796","page","type-page","status-publish","hentry","odd"],"_links":{"self":[{"href":"https:\/\/fwrinternational.com\/es\/wp-json\/wp\/v2\/pages\/796","targetHints":{"allow":["GET"]}}],"collection":[{"href":"https:\/\/fwrinternational.com\/es\/wp-json\/wp\/v2\/pages"}],"about":[{"href":"https:\/\/fwrinternational.com\/es\/wp-json\/wp\/v2\/types\/page"}],"author":[{"embeddable":true,"href":"https:\/\/fwrinternational.com\/es\/wp-json\/wp\/v2\/users\/1"}],"replies":[{"embeddable":true,"href":"https:\/\/fwrinternational.com\/es\/wp-json\/wp\/v2\/comments?post=796"}],"version-history":[{"count":2,"href":"https:\/\/fwrinternational.com\/es\/wp-json\/wp\/v2\/pages\/796\/revisions"}],"predecessor-version":[{"id":1526,"href":"https:\/\/fwrinternational.com\/es\/wp-json\/wp\/v2\/pages\/796\/revisions\/1526"}],"wp:attachment":[{"href":"https:\/\/fwrinternational.com\/es\/wp-json\/wp\/v2\/media?parent=796"}],"curies":[{"name":"wp","href":"https:\/\/api.w.org\/{rel}","templated":true}]}}