{"id":888,"date":"2015-05-26T20:27:11","date_gmt":"2015-05-26T20:27:11","guid":{"rendered":"http:\/\/fwrinternational.com\/?page_id=888"},"modified":"2015-06-15T15:45:16","modified_gmt":"2015-06-15T15:45:16","slug":"servicios","status":"publish","type":"page","link":"https:\/\/fwrinternational.com\/es\/servicios\/","title":{"rendered":"Servicios"},"content":{"rendered":"<h3>Otros Servicios que ofrecemos:<\/h3>\n<p>&#8211; Conexi\u00f3n directa con bancos y compa\u00f1\u00edas de financiamiento de pr\u00e9stamos para inversionistas extranjeros.<\/p>\n<p>&#8211; Apoyo legal de abogados expertos en inversiones de propiedad ra\u00edz con prop\u00f3sitos de inmigraci\u00f3n.<\/p>\n<p>&#8211; Conexi\u00f3n con CPA para creaci\u00f3n de empresas de inversi\u00f3n.<\/p>\n<p>&#8211; Asesoramiento y compra de propiedades en subastas con el estado, empresas privadas y otras entidades.<\/p>\n<p>&#8211; Conexion directa con Contratistas Generales, Arquitectos, Disenadores de interiores en la remodelacion de propiedades.<\/p>\n","protected":false},"excerpt":{"rendered":"<p>Otros Servicios que ofrecemos: &#8211; Conexi\u00f3n directa con bancos y compa\u00f1\u00edas de financiamiento de pr\u00e9stamos para inversionistas extranjeros. &#8211; Apoyo legal de abogados expertos en inversiones de propiedad ra\u00edz con &#8230;<\/p>\n","protected":false},"author":1,"featured_media":0,"parent":0,"menu_order":0,"comment_status":"closed","ping_status":"closed","template":"template-services.php","meta":{"footnotes":""},"class_list":["post-888","page","type-page","status-publish","hentry","odd"],"_links":{"self":[{"href":"https:\/\/fwrinternational.com\/es\/wp-json\/wp\/v2\/pages\/888","targetHints":{"allow":["GET"]}}],"collection":[{"href":"https:\/\/fwrinternational.com\/es\/wp-json\/wp\/v2\/pages"}],"about":[{"href":"https:\/\/fwrinternational.com\/es\/wp-json\/wp\/v2\/types\/page"}],"author":[{"embeddable":true,"href":"https:\/\/fwrinternational.com\/es\/wp-json\/wp\/v2\/users\/1"}],"replies":[{"embeddable":true,"href":"https:\/\/fwrinternational.com\/es\/wp-json\/wp\/v2\/comments?post=888"}],"version-history":[{"count":1,"href":"https:\/\/fwrinternational.com\/es\/wp-json\/wp\/v2\/pages\/888\/revisions"}],"predecessor-version":[{"id":1127,"href":"https:\/\/fwrinternational.com\/es\/wp-json\/wp\/v2\/pages\/888\/revisions\/1127"}],"wp:attachment":[{"href":"https:\/\/fwrinternational.com\/es\/wp-json\/wp\/v2\/media?parent=888"}],"curies":[{"name":"wp","href":"https:\/\/api.w.org\/{rel}","templated":true}]}}